{"id":526,"date":"2021-05-12T15:47:04","date_gmt":"2021-05-12T13:47:04","guid":{"rendered":"https:\/\/www.velseck.it\/dsgvo\/"},"modified":"2023-12-15T15:09:22","modified_gmt":"2023-12-15T14:09:22","slug":"dsgvo","status":"publish","type":"page","link":"https:\/\/www.velseck.it\/it\/dsgvo\/","title":{"rendered":"DSGVO"},"content":{"rendered":"<p>Per gestire i cookie e le tecnologie simili utilizzate (pixel di tracciamento, web beacon, ecc.) e i relativi consensi, utilizziamo lo strumento di consenso &#8220;Real Cookie Banner&#8221;. I dettagli sul funzionamento di &#8220;Real Cookie Banner&#8221; sono disponibili all&#8217;indirizzo <a href=\"https:\/\/devowl.io\/rcb\/data-processing\/\" target=\"_blank\" rel=\"noopener noreferrer\">https:\/\/devowl.io\/rcb\/data-processing\/<\/a>.<\/p>\n<p>Le basi giuridiche per il trattamento dei dati personali in questo contesto sono l&#8217;Art. 6 (1) lit. c GDPR e Art. 6 (1) lit. f GDPR. Il nostro interesse legittimo \u00e8 la gestione dei cookie e delle tecnologie simili utilizzate e i relativi consensi.<\/p>\n<p>La fornitura di dati personali non \u00e8 richiesta contrattualmente n\u00e9 necessaria per la conclusione di un contratto. Lei non \u00e8 obbligato a fornire i dati personali. Se non fornisce i dati personali, non saremo in grado di gestire i suoi consensi.<\/p>\n","protected":false},"excerpt":{"rendered":"<p>Per gestire i cookie e le tecnologie simili utilizzate (pixel di tracciamento, web beacon, ecc.) e i relativi consensi, utilizziamo lo strumento di consenso &#8220;Real Cookie Banner&#8221;. I dettagli sul funzionamento di &#8220;Real Cookie Banner&#8221; sono disponibili all&#8217;indirizzo https:\/\/devowl.io\/rcb\/data-processing\/. Le basi giuridiche per il trattamento dei dati personali in questo contesto sono l&#8217;Art. 6 (1) [&hellip;]<\/p>\n","protected":false},"author":1,"featured_media":0,"parent":0,"menu_order":0,"comment_status":"closed","ping_status":"closed","template":"template-dsgvo.php","meta":{"_acf_changed":false,"footnotes":""},"class_list":["post-526","page","type-page","status-publish","hentry"],"acf":[],"yoast_head":"<!-- This site is optimized with the Yoast SEO plugin v27.5 - https:\/\/yoast.com\/product\/yoast-seo-wordpress\/ -->\n<title>DSGVO - www.velseck.it<\/title>\n<meta name=\"robots\" content=\"index, follow, max-snippet:-1, max-image-preview:large, max-video-preview:-1\" \/>\n<link rel=\"canonical\" href=\"https:\/\/www.velseck.it\/it\/dsgvo\/\" \/>\n<meta property=\"og:locale\" content=\"it_IT\" \/>\n<meta property=\"og:type\" content=\"article\" \/>\n<meta property=\"og:title\" content=\"DSGVO - www.velseck.it\" \/>\n<meta property=\"og:description\" content=\"Per gestire i cookie e le tecnologie simili utilizzate (pixel di tracciamento, web beacon, ecc.) e i relativi consensi, utilizziamo lo strumento di consenso &#8220;Real Cookie Banner&#8221;. I dettagli sul funzionamento di &#8220;Real Cookie Banner&#8221; sono disponibili all&#8217;indirizzo https:\/\/devowl.io\/rcb\/data-processing\/. Le basi giuridiche per il trattamento dei dati personali in questo contesto sono l&#8217;Art. 6 (1) [&hellip;]\" \/>\n<meta property=\"og:url\" content=\"https:\/\/www.velseck.it\/it\/dsgvo\/\" \/>\n<meta property=\"og:site_name\" content=\"www.velseck.it\" \/>\n<meta property=\"article:modified_time\" content=\"2023-12-15T14:09:22+00:00\" \/>\n<script type=\"application\/ld+json\" class=\"yoast-schema-graph\">{\"@context\":\"https:\\\/\\\/schema.org\",\"@graph\":[{\"@type\":\"WebPage\",\"@id\":\"https:\\\/\\\/www.velseck.it\\\/it\\\/dsgvo\\\/\",\"url\":\"https:\\\/\\\/www.velseck.it\\\/it\\\/dsgvo\\\/\",\"name\":\"DSGVO - www.velseck.it\",\"isPartOf\":{\"@id\":\"https:\\\/\\\/www.velseck.it\\\/it\\\/#website\"},\"datePublished\":\"2021-05-12T13:47:04+00:00\",\"dateModified\":\"2023-12-15T14:09:22+00:00\",\"breadcrumb\":{\"@id\":\"https:\\\/\\\/www.velseck.it\\\/it\\\/dsgvo\\\/#breadcrumb\"},\"inLanguage\":\"it-IT\",\"potentialAction\":[{\"@type\":\"ReadAction\",\"target\":[\"https:\\\/\\\/www.velseck.it\\\/it\\\/dsgvo\\\/\"]}]},{\"@type\":\"BreadcrumbList\",\"@id\":\"https:\\\/\\\/www.velseck.it\\\/it\\\/dsgvo\\\/#breadcrumb\",\"itemListElement\":[{\"@type\":\"ListItem\",\"position\":1,\"name\":\"Startseite\",\"item\":\"https:\\\/\\\/www.velseck.it\\\/it\\\/\"},{\"@type\":\"ListItem\",\"position\":2,\"name\":\"DSGVO\"}]},{\"@type\":\"WebSite\",\"@id\":\"https:\\\/\\\/www.velseck.it\\\/it\\\/#website\",\"url\":\"https:\\\/\\\/www.velseck.it\\\/it\\\/\",\"name\":\"www.velseck.it\",\"description\":\"\",\"publisher\":{\"@id\":\"https:\\\/\\\/www.velseck.it\\\/it\\\/#organization\"},\"potentialAction\":[{\"@type\":\"SearchAction\",\"target\":{\"@type\":\"EntryPoint\",\"urlTemplate\":\"https:\\\/\\\/www.velseck.it\\\/it\\\/?s={search_term_string}\"},\"query-input\":{\"@type\":\"PropertyValueSpecification\",\"valueRequired\":true,\"valueName\":\"search_term_string\"}}],\"inLanguage\":\"it-IT\"},{\"@type\":\"Organization\",\"@id\":\"https:\\\/\\\/www.velseck.it\\\/it\\\/#organization\",\"name\":\"Velseck\",\"url\":\"https:\\\/\\\/www.velseck.it\\\/it\\\/\",\"logo\":{\"@type\":\"ImageObject\",\"inLanguage\":\"it-IT\",\"@id\":\"https:\\\/\\\/www.velseck.it\\\/it\\\/#\\\/schema\\\/logo\\\/image\\\/\",\"url\":\"https:\\\/\\\/i0.wp.com\\\/www.velseck.it\\\/wp-content\\\/uploads\\\/logo.jpg?fit=1500%2C451&ssl=1\",\"contentUrl\":\"https:\\\/\\\/i0.wp.com\\\/www.velseck.it\\\/wp-content\\\/uploads\\\/logo.jpg?fit=1500%2C451&ssl=1\",\"width\":1500,\"height\":451,\"caption\":\"Velseck\"},\"image\":{\"@id\":\"https:\\\/\\\/www.velseck.it\\\/it\\\/#\\\/schema\\\/logo\\\/image\\\/\"}}]}<\/script>\n<!-- \/ Yoast SEO plugin. -->","yoast_head_json":{"title":"DSGVO - www.velseck.it","robots":{"index":"index","follow":"follow","max-snippet":"max-snippet:-1","max-image-preview":"max-image-preview:large","max-video-preview":"max-video-preview:-1"},"canonical":"https:\/\/www.velseck.it\/it\/dsgvo\/","og_locale":"it_IT","og_type":"article","og_title":"DSGVO - www.velseck.it","og_description":"Per gestire i cookie e le tecnologie simili utilizzate (pixel di tracciamento, web beacon, ecc.) e i relativi consensi, utilizziamo lo strumento di consenso &#8220;Real Cookie Banner&#8221;. I dettagli sul funzionamento di &#8220;Real Cookie Banner&#8221; sono disponibili all&#8217;indirizzo https:\/\/devowl.io\/rcb\/data-processing\/. Le basi giuridiche per il trattamento dei dati personali in questo contesto sono l&#8217;Art. 6 (1) [&hellip;]","og_url":"https:\/\/www.velseck.it\/it\/dsgvo\/","og_site_name":"www.velseck.it","article_modified_time":"2023-12-15T14:09:22+00:00","schema":{"@context":"https:\/\/schema.org","@graph":[{"@type":"WebPage","@id":"https:\/\/www.velseck.it\/it\/dsgvo\/","url":"https:\/\/www.velseck.it\/it\/dsgvo\/","name":"DSGVO - www.velseck.it","isPartOf":{"@id":"https:\/\/www.velseck.it\/it\/#website"},"datePublished":"2021-05-12T13:47:04+00:00","dateModified":"2023-12-15T14:09:22+00:00","breadcrumb":{"@id":"https:\/\/www.velseck.it\/it\/dsgvo\/#breadcrumb"},"inLanguage":"it-IT","potentialAction":[{"@type":"ReadAction","target":["https:\/\/www.velseck.it\/it\/dsgvo\/"]}]},{"@type":"BreadcrumbList","@id":"https:\/\/www.velseck.it\/it\/dsgvo\/#breadcrumb","itemListElement":[{"@type":"ListItem","position":1,"name":"Startseite","item":"https:\/\/www.velseck.it\/it\/"},{"@type":"ListItem","position":2,"name":"DSGVO"}]},{"@type":"WebSite","@id":"https:\/\/www.velseck.it\/it\/#website","url":"https:\/\/www.velseck.it\/it\/","name":"www.velseck.it","description":"","publisher":{"@id":"https:\/\/www.velseck.it\/it\/#organization"},"potentialAction":[{"@type":"SearchAction","target":{"@type":"EntryPoint","urlTemplate":"https:\/\/www.velseck.it\/it\/?s={search_term_string}"},"query-input":{"@type":"PropertyValueSpecification","valueRequired":true,"valueName":"search_term_string"}}],"inLanguage":"it-IT"},{"@type":"Organization","@id":"https:\/\/www.velseck.it\/it\/#organization","name":"Velseck","url":"https:\/\/www.velseck.it\/it\/","logo":{"@type":"ImageObject","inLanguage":"it-IT","@id":"https:\/\/www.velseck.it\/it\/#\/schema\/logo\/image\/","url":"https:\/\/i0.wp.com\/www.velseck.it\/wp-content\/uploads\/logo.jpg?fit=1500%2C451&ssl=1","contentUrl":"https:\/\/i0.wp.com\/www.velseck.it\/wp-content\/uploads\/logo.jpg?fit=1500%2C451&ssl=1","width":1500,"height":451,"caption":"Velseck"},"image":{"@id":"https:\/\/www.velseck.it\/it\/#\/schema\/logo\/image\/"}}]}},"_links":{"self":[{"href":"https:\/\/www.velseck.it\/it\/wp-json\/wp\/v2\/pages\/526","targetHints":{"allow":["GET"]}}],"collection":[{"href":"https:\/\/www.velseck.it\/it\/wp-json\/wp\/v2\/pages"}],"about":[{"href":"https:\/\/www.velseck.it\/it\/wp-json\/wp\/v2\/types\/page"}],"author":[{"embeddable":true,"href":"https:\/\/www.velseck.it\/it\/wp-json\/wp\/v2\/users\/1"}],"replies":[{"embeddable":true,"href":"https:\/\/www.velseck.it\/it\/wp-json\/wp\/v2\/comments?post=526"}],"version-history":[{"count":2,"href":"https:\/\/www.velseck.it\/it\/wp-json\/wp\/v2\/pages\/526\/revisions"}],"predecessor-version":[{"id":1372,"href":"https:\/\/www.velseck.it\/it\/wp-json\/wp\/v2\/pages\/526\/revisions\/1372"}],"wp:attachment":[{"href":"https:\/\/www.velseck.it\/it\/wp-json\/wp\/v2\/media?parent=526"}],"curies":[{"name":"wp","href":"https:\/\/api.w.org\/{rel}","templated":true}]}}